{"id":121,"date":"2022-11-16T16:15:11","date_gmt":"2022-11-16T16:15:11","guid":{"rendered":"https:\/\/doctorguitarra.cl\/?page_id=121"},"modified":"2024-01-15T10:23:33","modified_gmt":"2024-01-15T10:23:33","slug":"noticias","status":"publish","type":"page","link":"https:\/\/doctorguitarra.cl\/es\/noticias\/","title":{"rendered":"Noticias"},"content":{"rendered":"<div data-elementor-type=\"wp-page\" data-elementor-id=\"121\" class=\"elementor elementor-121\" data-elementor-post-type=\"page\">\n\t\t\t\t\t\t<section class=\"elementor-section elementor-top-section elementor-element elementor-element-69b0b69 elementor-section-full_width elementor-section-height-min-height elementor-section-height-default elementor-section-items-middle elementor-invisible\" data-id=\"69b0b69\" data-element_type=\"section\" data-e-type=\"section\" data-settings=\"{&quot;background_background&quot;:&quot;classic&quot;,&quot;animation&quot;:&quot;fadeIn&quot;}\">\n\t\t\t\t\t\t\t<div class=\"elementor-background-overlay\"><\/div>\n\t\t\t\t\t\t\t<div class=\"elementor-container elementor-column-gap-default\">\n\t\t\t\t\t<div class=\"elementor-column elementor-col-100 elementor-top-column elementor-element elementor-element-94c2a29\" data-id=\"94c2a29\" data-element_type=\"column\" data-e-type=\"column\" data-settings=\"{&quot;background_background&quot;:&quot;classic&quot;}\">\n\t\t\t<div class=\"elementor-widget-wrap elementor-element-populated\">\n\t\t\t\t\t\t<div class=\"elementor-element elementor-element-d558d05 elementor-widget elementor-widget-spacer\" data-id=\"d558d05\" data-element_type=\"widget\" data-e-type=\"widget\" data-widget_type=\"spacer.default\">\n\t\t\t\t<div class=\"elementor-widget-container\">\n\t\t\t\t\t\t\t<div class=\"elementor-spacer\">\n\t\t\t<div class=\"elementor-spacer-inner\"><\/div>\n\t\t<\/div>\n\t\t\t\t\t\t<\/div>\n\t\t\t\t<\/div>\n\t\t\t\t<div class=\"elementor-element elementor-element-fafce37 elementor-invisible elementor-widget elementor-widget-heading\" data-id=\"fafce37\" data-element_type=\"widget\" data-e-type=\"widget\" data-settings=\"{&quot;_animation&quot;:&quot;fadeIn&quot;}\" data-widget_type=\"heading.default\">\n\t\t\t\t<div class=\"elementor-widget-container\">\n\t\t\t\t\t<h2 class=\"elementor-heading-title elementor-size-default\">Noticias<\/h2>\t\t\t\t<\/div>\n\t\t\t\t<\/div>\n\t\t\t\t<div class=\"elementor-element elementor-element-f91741a elementor-widget-divider--view-line elementor-invisible elementor-widget elementor-widget-divider\" data-id=\"f91741a\" data-element_type=\"widget\" data-e-type=\"widget\" data-settings=\"{&quot;_animation&quot;:&quot;fadeIn&quot;,&quot;_animation_delay&quot;:100}\" data-widget_type=\"divider.default\">\n\t\t\t\t<div class=\"elementor-widget-container\">\n\t\t\t\t\t\t\t<div class=\"elementor-divider\">\n\t\t\t<span class=\"elementor-divider-separator\">\n\t\t\t\t\t\t<\/span>\n\t\t<\/div>\n\t\t\t\t\t\t<\/div>\n\t\t\t\t<\/div>\n\t\t\t\t\t<\/div>\n\t\t<\/div>\n\t\t\t\t\t<\/div>\n\t\t<\/section>\n\t\t\t\t<section class=\"elementor-section elementor-top-section elementor-element elementor-element-36fc1a7 elementor-section-boxed elementor-section-height-default elementor-section-height-default\" data-id=\"36fc1a7\" data-element_type=\"section\" data-e-type=\"section\">\n\t\t\t\t\t\t<div class=\"elementor-container elementor-column-gap-default\">\n\t\t\t\t\t<div class=\"elementor-column elementor-col-100 elementor-top-column elementor-element elementor-element-1133c32\" data-id=\"1133c32\" data-element_type=\"column\" data-e-type=\"column\">\n\t\t\t<div class=\"elementor-widget-wrap elementor-element-populated\">\n\t\t\t\t\t\t<div class=\"elementor-element elementor-element-83385b0 elementor-invisible elementor-widget elementor-widget-heading\" data-id=\"83385b0\" data-element_type=\"widget\" data-e-type=\"widget\" data-settings=\"{&quot;_animation&quot;:&quot;fadeIn&quot;,&quot;_animation_delay&quot;:200}\" data-widget_type=\"heading.default\">\n\t\t\t\t<div class=\"elementor-widget-container\">\n\t\t\t\t\t<h3 class=\"elementor-heading-title elementor-size-default\">Lo \u00faltimo en acontecimientos musicales en <strong>Chile<\/strong> y el <strong>mundo<\/strong>.<\/h3>\t\t\t\t<\/div>\n\t\t\t\t<\/div>\n\t\t\t\t<div class=\"elementor-element elementor-element-fbb7dae elementor-widget-divider--view-line elementor-invisible elementor-widget elementor-widget-divider\" data-id=\"fbb7dae\" data-element_type=\"widget\" data-e-type=\"widget\" data-settings=\"{&quot;_animation&quot;:&quot;fadeIn&quot;,&quot;_animation_delay&quot;:100}\" data-widget_type=\"divider.default\">\n\t\t\t\t<div class=\"elementor-widget-container\">\n\t\t\t\t\t\t\t<div class=\"elementor-divider\">\n\t\t\t<span class=\"elementor-divider-separator\">\n\t\t\t\t\t\t<\/span>\n\t\t<\/div>\n\t\t\t\t\t\t<\/div>\n\t\t\t\t<\/div>\n\t\t\t\t<div class=\"elementor-element elementor-element-5fd33f5 elementor-grid-3 elementor-grid-tablet-2 elementor-grid-mobile-1 elementor-posts--thumbnail-top elementor-invisible elementor-widget elementor-widget-posts\" data-id=\"5fd33f5\" data-element_type=\"widget\" data-e-type=\"widget\" data-settings=\"{&quot;classic_row_gap&quot;:{&quot;unit&quot;:&quot;px&quot;,&quot;size&quot;:60,&quot;sizes&quot;:[]},&quot;_animation&quot;:&quot;fadeIn&quot;,&quot;_animation_delay&quot;:1000,&quot;classic_columns&quot;:&quot;3&quot;,&quot;classic_columns_tablet&quot;:&quot;2&quot;,&quot;classic_columns_mobile&quot;:&quot;1&quot;,&quot;classic_row_gap_tablet&quot;:{&quot;unit&quot;:&quot;px&quot;,&quot;size&quot;:&quot;&quot;,&quot;sizes&quot;:[]},&quot;classic_row_gap_mobile&quot;:{&quot;unit&quot;:&quot;px&quot;,&quot;size&quot;:&quot;&quot;,&quot;sizes&quot;:[]}}\" data-widget_type=\"posts.classic\">\n\t\t\t\t<div class=\"elementor-widget-container\">\n\t\t\t\t\t\t\t<div class=\"elementor-posts-container elementor-posts elementor-posts--skin-classic elementor-grid\" role=\"list\">\n\t\t\t\t<article class=\"elementor-post elementor-grid-item post-1793 post type-post status-publish format-standard has-post-thumbnail hentry category-uncategorized\" role=\"listitem\">\n\t\t\t\t<a class=\"elementor-post__thumbnail__link\" href=\"https:\/\/doctorguitarra.cl\/es\/el-historico-regreso-de-oasis-una-noche-para-la-historia-en-cardiff\/\" tabindex=\"-1\" >\n\t\t\t<div class=\"elementor-post__thumbnail\"><img fetchpriority=\"high\" decoding=\"async\" width=\"616\" height=\"405\" src=\"https:\/\/doctorguitarra.cl\/wp-content\/uploads\/2025\/07\/oasis-live.jpg\" class=\"attachment-medium_large size-medium_large wp-image-1796\" alt=\"\" srcset=\"https:\/\/doctorguitarra.cl\/wp-content\/uploads\/2025\/07\/oasis-live.jpg 616w, https:\/\/doctorguitarra.cl\/wp-content\/uploads\/2025\/07\/oasis-live-300x197.jpg 300w\" sizes=\"(max-width: 616px) 100vw, 616px\" \/><\/div>\n\t\t<\/a>\n\t\t\t\t<div class=\"elementor-post__text\">\n\t\t\t\t<h3 class=\"elementor-post__title\">\n\t\t\t<a href=\"https:\/\/doctorguitarra.cl\/es\/el-historico-regreso-de-oasis-una-noche-para-la-historia-en-cardiff\/\" >\n\t\t\t\tEl hist\u00f3rico regreso de Oasis: una noche para la historia en Cardiff\t\t\t<\/a>\n\t\t<\/h3>\n\t\t\t\t<div class=\"elementor-post__meta-data\">\n\t\t\t\t\t<span class=\"elementor-post-date\">\n\t\t\tjulio 7, 2025\t\t<\/span>\n\t\t\t\t<\/div>\n\t\t\t\t<div class=\"elementor-post__excerpt\">\n\t\t\t<p>La legendaria banda brit\u00e1nica Oasis volvi\u00f3 por fin a los escenarios el pasado 4 de julio de 2025 en el Principality Stadium de Cardiff, Gales,<\/p>\n\t\t<\/div>\n\t\t\n\t\t<a class=\"elementor-post__read-more\" href=\"https:\/\/doctorguitarra.cl\/es\/el-historico-regreso-de-oasis-una-noche-para-la-historia-en-cardiff\/\" aria-label=\"Read more about El hist\u00f3rico regreso de Oasis: una noche para la historia en Cardiff\" tabindex=\"-1\" >\n\t\t\tLeer M\u00e1s  \u00bb\t\t<\/a>\n\n\t\t\t\t<\/div>\n\t\t\t\t<\/article>\n\t\t\t\t<article class=\"elementor-post elementor-grid-item post-1726 post type-post status-publish format-standard has-post-thumbnail hentry category-uncategorized\" role=\"listitem\">\n\t\t\t\t<a class=\"elementor-post__thumbnail__link\" href=\"https:\/\/doctorguitarra.cl\/es\/es-oficial-system-of-a-down-regresa-a-chile-en-2025\/\" tabindex=\"-1\" >\n\t\t\t<div class=\"elementor-post__thumbnail\"><img decoding=\"async\" width=\"742\" height=\"488\" src=\"https:\/\/doctorguitarra.cl\/wp-content\/uploads\/2024\/12\/system-of-a-down-regresa-a-chile-2025-doctor-guitarra-luthier-calibracion.jpg\" class=\"attachment-medium_large size-medium_large wp-image-1735\" alt=\"\" srcset=\"https:\/\/doctorguitarra.cl\/wp-content\/uploads\/2024\/12\/system-of-a-down-regresa-a-chile-2025-doctor-guitarra-luthier-calibracion.jpg 742w, https:\/\/doctorguitarra.cl\/wp-content\/uploads\/2024\/12\/system-of-a-down-regresa-a-chile-2025-doctor-guitarra-luthier-calibracion-300x197.jpg 300w\" sizes=\"(max-width: 742px) 100vw, 742px\" \/><\/div>\n\t\t<\/a>\n\t\t\t\t<div class=\"elementor-post__text\">\n\t\t\t\t<h3 class=\"elementor-post__title\">\n\t\t\t<a href=\"https:\/\/doctorguitarra.cl\/es\/es-oficial-system-of-a-down-regresa-a-chile-en-2025\/\" >\n\t\t\t\t\u00a1Es Oficial! System of a Down regresa a Chile en 2025\t\t\t<\/a>\n\t\t<\/h3>\n\t\t\t\t<div class=\"elementor-post__meta-data\">\n\t\t\t\t\t<span class=\"elementor-post-date\">\n\t\t\tdiciembre 16, 2024\t\t<\/span>\n\t\t\t\t<\/div>\n\t\t\t\t<div class=\"elementor-post__excerpt\">\n\t\t\t<p>\u00a1Es oficial! System of a Down, una de las bandas m\u00e1s ic\u00f3nicas del metal alternativo, llegar\u00e1 a Santiago de Chile como parte de su gira<\/p>\n\t\t<\/div>\n\t\t\n\t\t<a class=\"elementor-post__read-more\" href=\"https:\/\/doctorguitarra.cl\/es\/es-oficial-system-of-a-down-regresa-a-chile-en-2025\/\" aria-label=\"Read more about \u00a1Es Oficial! System of a Down regresa a Chile en 2025\" tabindex=\"-1\" >\n\t\t\tLeer M\u00e1s  \u00bb\t\t<\/a>\n\n\t\t\t\t<\/div>\n\t\t\t\t<\/article>\n\t\t\t\t<article class=\"elementor-post elementor-grid-item post-1727 post type-post status-publish format-standard has-post-thumbnail hentry category-uncategorized\" role=\"listitem\">\n\t\t\t\t<a class=\"elementor-post__thumbnail__link\" href=\"https:\/\/doctorguitarra.cl\/es\/oasis-regresa-a-chile-como-parte-de-su-gira-mundial-live-25-%f0%9f%8e%b8\/\" tabindex=\"-1\" >\n\t\t\t<div class=\"elementor-post__thumbnail\"><img decoding=\"async\" width=\"515\" height=\"443\" src=\"https:\/\/doctorguitarra.cl\/wp-content\/uploads\/2024\/12\/Oasis-blog-2.jpg\" class=\"attachment-medium_large size-medium_large wp-image-1729\" alt=\"\" srcset=\"https:\/\/doctorguitarra.cl\/wp-content\/uploads\/2024\/12\/Oasis-blog-2.jpg 515w, https:\/\/doctorguitarra.cl\/wp-content\/uploads\/2024\/12\/Oasis-blog-2-300x258.jpg 300w\" sizes=\"(max-width: 515px) 100vw, 515px\" \/><\/div>\n\t\t<\/a>\n\t\t\t\t<div class=\"elementor-post__text\">\n\t\t\t\t<h3 class=\"elementor-post__title\">\n\t\t\t<a href=\"https:\/\/doctorguitarra.cl\/es\/oasis-regresa-a-chile-como-parte-de-su-gira-mundial-live-25-%f0%9f%8e%b8\/\" >\n\t\t\t\t\u00a1Oasis regresa a Chile como parte de su gira mundial Live 25! &#x1f3b8;\t\t\t<\/a>\n\t\t<\/h3>\n\t\t\t\t<div class=\"elementor-post__meta-data\">\n\t\t\t\t\t<span class=\"elementor-post-date\">\n\t\t\tdiciembre 9, 2024\t\t<\/span>\n\t\t\t\t<\/div>\n\t\t\t\t<div class=\"elementor-post__excerpt\">\n\t\t\t<p>El ic\u00f3nico grupo brit\u00e1nico Oasis ha confirmado una fecha en Chile dentro de su esperado tour mundial, Oasis: Live 25. La cita es el 19<\/p>\n\t\t<\/div>\n\t\t\n\t\t<a class=\"elementor-post__read-more\" href=\"https:\/\/doctorguitarra.cl\/es\/oasis-regresa-a-chile-como-parte-de-su-gira-mundial-live-25-%f0%9f%8e%b8\/\" aria-label=\"Read more about \u00a1Oasis regresa a Chile como parte de su gira mundial Live 25! &#x1f3b8;\" tabindex=\"-1\" >\n\t\t\tLeer M\u00e1s  \u00bb\t\t<\/a>\n\n\t\t\t\t<\/div>\n\t\t\t\t<\/article>\n\t\t\t\t<article class=\"elementor-post elementor-grid-item post-1705 post type-post status-publish format-standard has-post-thumbnail hentry category-uncategorized\" role=\"listitem\">\n\t\t\t\t<a class=\"elementor-post__thumbnail__link\" href=\"https:\/\/doctorguitarra.cl\/es\/turnstile-se-presenta-en-santiago-este-jueves-en-basel-a-un-ano-de-su-presentacion-en-lollapalooza-2023\/\" tabindex=\"-1\" >\n\t\t\t<div class=\"elementor-post__thumbnail\"><img loading=\"lazy\" decoding=\"async\" width=\"768\" height=\"576\" src=\"https:\/\/doctorguitarra.cl\/wp-content\/uploads\/2024\/04\/turnstile-en-chile-en-vivo-santiago-1-768x576.jpeg\" class=\"attachment-medium_large size-medium_large wp-image-1711\" alt=\"\" srcset=\"https:\/\/doctorguitarra.cl\/wp-content\/uploads\/2024\/04\/turnstile-en-chile-en-vivo-santiago-1-768x576.jpeg 768w, https:\/\/doctorguitarra.cl\/wp-content\/uploads\/2024\/04\/turnstile-en-chile-en-vivo-santiago-1-300x225.jpeg 300w, https:\/\/doctorguitarra.cl\/wp-content\/uploads\/2024\/04\/turnstile-en-chile-en-vivo-santiago-1-1024x768.jpeg 1024w, https:\/\/doctorguitarra.cl\/wp-content\/uploads\/2024\/04\/turnstile-en-chile-en-vivo-santiago-1.jpeg 1280w\" sizes=\"(max-width: 768px) 100vw, 768px\" \/><\/div>\n\t\t<\/a>\n\t\t\t\t<div class=\"elementor-post__text\">\n\t\t\t\t<h3 class=\"elementor-post__title\">\n\t\t\t<a href=\"https:\/\/doctorguitarra.cl\/es\/turnstile-se-presenta-en-santiago-este-jueves-en-basel-a-un-ano-de-su-presentacion-en-lollapalooza-2023\/\" >\n\t\t\t\tTurnstile se presenta en Santiago este jueves en Basel, a un a\u00f1o de su presentaci\u00f3n en Lollapalooza 2023.\t\t\t<\/a>\n\t\t<\/h3>\n\t\t\t\t<div class=\"elementor-post__meta-data\">\n\t\t\t\t\t<span class=\"elementor-post-date\">\n\t\t\tabril 9, 2024\t\t<\/span>\n\t\t\t\t<\/div>\n\t\t\t\t<div class=\"elementor-post__excerpt\">\n\t\t\t<p>\u00a1Turnstile est\u00e1 a punto de hacer historia en Santiago, Chile con una presentaci\u00f3n que promete ser inolvidable! Esta banda estadounidense, originaria de Baltimore, ha sido<\/p>\n\t\t<\/div>\n\t\t\n\t\t<a class=\"elementor-post__read-more\" href=\"https:\/\/doctorguitarra.cl\/es\/turnstile-se-presenta-en-santiago-este-jueves-en-basel-a-un-ano-de-su-presentacion-en-lollapalooza-2023\/\" aria-label=\"Read more about Turnstile se presenta en Santiago este jueves en Basel, a un a\u00f1o de su presentaci\u00f3n en Lollapalooza 2023.\" tabindex=\"-1\" >\n\t\t\tLeer M\u00e1s  \u00bb\t\t<\/a>\n\n\t\t\t\t<\/div>\n\t\t\t\t<\/article>\n\t\t\t\t<article class=\"elementor-post elementor-grid-item post-1561 post type-post status-publish format-standard has-post-thumbnail hentry category-noticias-musicales tag-album tag-bless tag-chino tag-crosses tag-deftones tag-delete tag-electronica tag-god tag-hand tag-industrial tag-invisible tag-metal tag-moreno tag-musica tag-nuevo tag-numetal tag-proyecto tag-solista\" role=\"listitem\">\n\t\t\t\t<a class=\"elementor-post__thumbnail__link\" href=\"https:\/\/doctorguitarra.cl\/es\/proyecto-musical-de-chino-moreno-de-deftones-crosses-lanza-nuevo-sencillo-y-album\/\" tabindex=\"-1\" >\n\t\t\t<div class=\"elementor-post__thumbnail\"><img loading=\"lazy\" decoding=\"async\" width=\"768\" height=\"384\" src=\"https:\/\/doctorguitarra.cl\/wp-content\/uploads\/2023\/11\/crosses-lanza-nuevo-album-chino-moreno-deftons-proyecto-solista-2023-doctor-guitarra-768x384.png\" class=\"attachment-medium_large size-medium_large wp-image-1567\" alt=\"\" srcset=\"https:\/\/doctorguitarra.cl\/wp-content\/uploads\/2023\/11\/crosses-lanza-nuevo-album-chino-moreno-deftons-proyecto-solista-2023-doctor-guitarra-768x384.png 768w, https:\/\/doctorguitarra.cl\/wp-content\/uploads\/2023\/11\/crosses-lanza-nuevo-album-chino-moreno-deftons-proyecto-solista-2023-doctor-guitarra-300x150.png 300w, https:\/\/doctorguitarra.cl\/wp-content\/uploads\/2023\/11\/crosses-lanza-nuevo-album-chino-moreno-deftons-proyecto-solista-2023-doctor-guitarra.png 900w\" sizes=\"(max-width: 768px) 100vw, 768px\" \/><\/div>\n\t\t<\/a>\n\t\t\t\t<div class=\"elementor-post__text\">\n\t\t\t\t<h3 class=\"elementor-post__title\">\n\t\t\t<a href=\"https:\/\/doctorguitarra.cl\/es\/proyecto-musical-de-chino-moreno-de-deftones-crosses-lanza-nuevo-sencillo-y-album\/\" >\n\t\t\t\tProyecto Musical de Chino Moreno de Deftones &#8220;Crosses&#8221; lanza Nuevo Sencillo y Album.\t\t\t<\/a>\n\t\t<\/h3>\n\t\t\t\t<div class=\"elementor-post__meta-data\">\n\t\t\t\t\t<span class=\"elementor-post-date\">\n\t\t\tnoviembre 2, 2023\t\t<\/span>\n\t\t\t\t<\/div>\n\t\t\t\t<div class=\"elementor-post__excerpt\">\n\t\t\t<p>\u2020\u2020\u2020 (Crosses), el d\u00fao formado por Chino Moreno de Deftones y el productor\/multiinstrumentista Shawn L\u00f3pez, han anunciado su primer \u00e1lbum completo en casi una d\u00e9cada.<\/p>\n\t\t<\/div>\n\t\t\n\t\t<a class=\"elementor-post__read-more\" href=\"https:\/\/doctorguitarra.cl\/es\/proyecto-musical-de-chino-moreno-de-deftones-crosses-lanza-nuevo-sencillo-y-album\/\" aria-label=\"Read more about Proyecto Musical de Chino Moreno de Deftones &#8220;Crosses&#8221; lanza Nuevo Sencillo y Album.\" tabindex=\"-1\" >\n\t\t\tLeer M\u00e1s  \u00bb\t\t<\/a>\n\n\t\t\t\t<\/div>\n\t\t\t\t<\/article>\n\t\t\t\t<article class=\"elementor-post elementor-grid-item post-1253 post type-post status-publish format-standard has-post-thumbnail hentry category-uncategorized\" role=\"listitem\">\n\t\t\t\t<a class=\"elementor-post__thumbnail__link\" href=\"https:\/\/doctorguitarra.cl\/es\/jeff-beck-uno-de-los-guitarristas-mas-importantes-del-siglo-muere-a-los-78-anos-de-edad\/\" tabindex=\"-1\" >\n\t\t\t<div class=\"elementor-post__thumbnail\"><img loading=\"lazy\" decoding=\"async\" width=\"501\" height=\"396\" src=\"https:\/\/doctorguitarra.cl\/wp-content\/uploads\/2023\/01\/jeff-beck-muerte-a-los-78-calibracion-de-guitarra-en-stgo.jpg\" class=\"attachment-medium_large size-medium_large wp-image-1252\" alt=\"\" srcset=\"https:\/\/doctorguitarra.cl\/wp-content\/uploads\/2023\/01\/jeff-beck-muerte-a-los-78-calibracion-de-guitarra-en-stgo.jpg 501w, https:\/\/doctorguitarra.cl\/wp-content\/uploads\/2023\/01\/jeff-beck-muerte-a-los-78-calibracion-de-guitarra-en-stgo-300x237.jpg 300w\" sizes=\"(max-width: 501px) 100vw, 501px\" \/><\/div>\n\t\t<\/a>\n\t\t\t\t<div class=\"elementor-post__text\">\n\t\t\t\t<h3 class=\"elementor-post__title\">\n\t\t\t<a href=\"https:\/\/doctorguitarra.cl\/es\/jeff-beck-uno-de-los-guitarristas-mas-importantes-del-siglo-muere-a-los-78-anos-de-edad\/\" >\n\t\t\t\tJeff Beck, uno de los guitarristas m\u00e1s importantes del siglo, muere a los 78 a\u00f1os de edad.\t\t\t<\/a>\n\t\t<\/h3>\n\t\t\t\t<div class=\"elementor-post__meta-data\">\n\t\t\t\t\t<span class=\"elementor-post-date\">\n\t\t\tenero 13, 2023\t\t<\/span>\n\t\t\t\t<\/div>\n\t\t\t\t<div class=\"elementor-post__excerpt\">\n\t\t\t<p>Jeff Beck, un virtuoso de la guitarra que influy\u00f3 a generaciones de m\u00fasicos, convirti\u00e9ndose en el guitarrista de los guitarristas, ha muerto. Ten\u00eda 78 a\u00f1os.<\/p>\n\t\t<\/div>\n\t\t\n\t\t<a class=\"elementor-post__read-more\" href=\"https:\/\/doctorguitarra.cl\/es\/jeff-beck-uno-de-los-guitarristas-mas-importantes-del-siglo-muere-a-los-78-anos-de-edad\/\" aria-label=\"Read more about Jeff Beck, uno de los guitarristas m\u00e1s importantes del siglo, muere a los 78 a\u00f1os de edad.\" tabindex=\"-1\" >\n\t\t\tLeer M\u00e1s  \u00bb\t\t<\/a>\n\n\t\t\t\t<\/div>\n\t\t\t\t<\/article>\n\t\t\t\t<\/div>\n\t\t\n\t\t\t\t\t\t<\/div>\n\t\t\t\t<\/div>\n\t\t\t\t\t<\/div>\n\t\t<\/div>\n\t\t\t\t\t<\/div>\n\t\t<\/section>\n\t\t\t\t<\/div>","protected":false},"excerpt":{"rendered":"<p>Noticias Lo \u00faltimo en acontecimientos musicales en Chile y el mundo.<\/p>","protected":false},"author":2,"featured_media":0,"parent":0,"menu_order":0,"comment_status":"closed","ping_status":"closed","template":"","meta":{"_joinchat":[],"footnotes":""},"class_list":["post-121","page","type-page","status-publish","hentry"],"yoast_head":"<!-- This site is optimized with the Yoast SEO plugin v27.5 - https:\/\/yoast.com\/product\/yoast-seo-wordpress\/ -->\n<title>Noticias - Doctor Guitarra<\/title>\n<meta name=\"robots\" content=\"index, follow, max-snippet:-1, max-image-preview:large, max-video-preview:-1\" \/>\n<link rel=\"canonical\" href=\"https:\/\/doctorguitarra.cl\/es\/noticias\/\" \/>\n<meta property=\"og:locale\" content=\"es_ES\" \/>\n<meta property=\"og:type\" content=\"article\" \/>\n<meta property=\"og:title\" content=\"Noticias - Doctor Guitarra\" \/>\n<meta property=\"og:description\" content=\"Noticias Lo \u00faltimo en acontecimientos musicales en Chile y el mundo.\" \/>\n<meta property=\"og:url\" content=\"https:\/\/doctorguitarra.cl\/es\/noticias\/\" \/>\n<meta property=\"og:site_name\" content=\"Doctor Guitarra\" \/>\n<meta property=\"article:modified_time\" content=\"2024-01-15T10:23:33+00:00\" \/>\n<meta name=\"twitter:card\" content=\"summary_large_image\" \/>\n<meta name=\"twitter:label1\" content=\"Tiempo estimado de lectura\" \/>\n\t<meta name=\"twitter:data1\" content=\"5 minutos\" \/>\n<script type=\"application\/ld+json\" class=\"yoast-schema-graph\">{\"@context\":\"https:\\\/\\\/schema.org\",\"@graph\":[{\"@type\":\"WebPage\",\"@id\":\"https:\\\/\\\/doctorguitarra.cl\\\/noticias\\\/\",\"url\":\"https:\\\/\\\/doctorguitarra.cl\\\/noticias\\\/\",\"name\":\"Noticias - Doctor Guitarra\",\"isPartOf\":{\"@id\":\"https:\\\/\\\/doctorguitarra.cl\\\/#website\"},\"datePublished\":\"2022-11-16T16:15:11+00:00\",\"dateModified\":\"2024-01-15T10:23:33+00:00\",\"breadcrumb\":{\"@id\":\"https:\\\/\\\/doctorguitarra.cl\\\/noticias\\\/#breadcrumb\"},\"inLanguage\":\"es\",\"potentialAction\":[{\"@type\":\"ReadAction\",\"target\":[\"https:\\\/\\\/doctorguitarra.cl\\\/noticias\\\/\"]}]},{\"@type\":\"BreadcrumbList\",\"@id\":\"https:\\\/\\\/doctorguitarra.cl\\\/noticias\\\/#breadcrumb\",\"itemListElement\":[{\"@type\":\"ListItem\",\"position\":1,\"name\":\"Home\",\"item\":\"https:\\\/\\\/doctorguitarra.cl\\\/\"},{\"@type\":\"ListItem\",\"position\":2,\"name\":\"Noticias\"}]},{\"@type\":\"WebSite\",\"@id\":\"https:\\\/\\\/doctorguitarra.cl\\\/#website\",\"url\":\"https:\\\/\\\/doctorguitarra.cl\\\/\",\"name\":\"Doctor Guitarra\",\"description\":\"Calibraci\u00f3n de Guitarra y Bajo en Santiago\",\"publisher\":{\"@id\":\"https:\\\/\\\/doctorguitarra.cl\\\/#organization\"},\"potentialAction\":[{\"@type\":\"SearchAction\",\"target\":{\"@type\":\"EntryPoint\",\"urlTemplate\":\"https:\\\/\\\/doctorguitarra.cl\\\/?s={search_term_string}\"},\"query-input\":{\"@type\":\"PropertyValueSpecification\",\"valueRequired\":true,\"valueName\":\"search_term_string\"}}],\"inLanguage\":\"es\"},{\"@type\":\"Organization\",\"@id\":\"https:\\\/\\\/doctorguitarra.cl\\\/#organization\",\"name\":\"Doctor Guitarra\",\"url\":\"https:\\\/\\\/doctorguitarra.cl\\\/\",\"logo\":{\"@type\":\"ImageObject\",\"inLanguage\":\"es\",\"@id\":\"https:\\\/\\\/doctorguitarra.cl\\\/#\\\/schema\\\/logo\\\/image\\\/\",\"url\":\"https:\\\/\\\/doctorguitarra.cl\\\/wp-content\\\/uploads\\\/2022\\\/11\\\/DG-Logo-2026-Rectangular.png\",\"contentUrl\":\"https:\\\/\\\/doctorguitarra.cl\\\/wp-content\\\/uploads\\\/2022\\\/11\\\/DG-Logo-2026-Rectangular.png\",\"width\":750,\"height\":300,\"caption\":\"Doctor Guitarra\"},\"image\":{\"@id\":\"https:\\\/\\\/doctorguitarra.cl\\\/#\\\/schema\\\/logo\\\/image\\\/\"}}]}<\/script>\n<!-- \/ Yoast SEO plugin. -->","yoast_head_json":{"title":"Noticias - Doctor Guitarra","robots":{"index":"index","follow":"follow","max-snippet":"max-snippet:-1","max-image-preview":"max-image-preview:large","max-video-preview":"max-video-preview:-1"},"canonical":"https:\/\/doctorguitarra.cl\/es\/noticias\/","og_locale":"es_ES","og_type":"article","og_title":"Noticias - Doctor Guitarra","og_description":"Noticias Lo \u00faltimo en acontecimientos musicales en Chile y el mundo.","og_url":"https:\/\/doctorguitarra.cl\/es\/noticias\/","og_site_name":"Doctor Guitarra","article_modified_time":"2024-01-15T10:23:33+00:00","twitter_card":"summary_large_image","twitter_misc":{"Tiempo estimado de lectura":"5 minutos"},"schema":{"@context":"https:\/\/schema.org","@graph":[{"@type":"WebPage","@id":"https:\/\/doctorguitarra.cl\/noticias\/","url":"https:\/\/doctorguitarra.cl\/noticias\/","name":"Noticias - Doctor Guitarra","isPartOf":{"@id":"https:\/\/doctorguitarra.cl\/#website"},"datePublished":"2022-11-16T16:15:11+00:00","dateModified":"2024-01-15T10:23:33+00:00","breadcrumb":{"@id":"https:\/\/doctorguitarra.cl\/noticias\/#breadcrumb"},"inLanguage":"es","potentialAction":[{"@type":"ReadAction","target":["https:\/\/doctorguitarra.cl\/noticias\/"]}]},{"@type":"BreadcrumbList","@id":"https:\/\/doctorguitarra.cl\/noticias\/#breadcrumb","itemListElement":[{"@type":"ListItem","position":1,"name":"Home","item":"https:\/\/doctorguitarra.cl\/"},{"@type":"ListItem","position":2,"name":"Noticias"}]},{"@type":"WebSite","@id":"https:\/\/doctorguitarra.cl\/#website","url":"https:\/\/doctorguitarra.cl\/","name":"Doctor Guitarra","description":"Calibraci\u00f3n de Guitarra y Bajo en Santiago","publisher":{"@id":"https:\/\/doctorguitarra.cl\/#organization"},"potentialAction":[{"@type":"SearchAction","target":{"@type":"EntryPoint","urlTemplate":"https:\/\/doctorguitarra.cl\/?s={search_term_string}"},"query-input":{"@type":"PropertyValueSpecification","valueRequired":true,"valueName":"search_term_string"}}],"inLanguage":"es"},{"@type":"Organization","@id":"https:\/\/doctorguitarra.cl\/#organization","name":"Doctor Guitarra","url":"https:\/\/doctorguitarra.cl\/","logo":{"@type":"ImageObject","inLanguage":"es","@id":"https:\/\/doctorguitarra.cl\/#\/schema\/logo\/image\/","url":"https:\/\/doctorguitarra.cl\/wp-content\/uploads\/2022\/11\/DG-Logo-2026-Rectangular.png","contentUrl":"https:\/\/doctorguitarra.cl\/wp-content\/uploads\/2022\/11\/DG-Logo-2026-Rectangular.png","width":750,"height":300,"caption":"Doctor Guitarra"},"image":{"@id":"https:\/\/doctorguitarra.cl\/#\/schema\/logo\/image\/"}}]}},"_links":{"self":[{"href":"https:\/\/doctorguitarra.cl\/es\/wp-json\/wp\/v2\/pages\/121","targetHints":{"allow":["GET"]}}],"collection":[{"href":"https:\/\/doctorguitarra.cl\/es\/wp-json\/wp\/v2\/pages"}],"about":[{"href":"https:\/\/doctorguitarra.cl\/es\/wp-json\/wp\/v2\/types\/page"}],"author":[{"embeddable":true,"href":"https:\/\/doctorguitarra.cl\/es\/wp-json\/wp\/v2\/users\/2"}],"replies":[{"embeddable":true,"href":"https:\/\/doctorguitarra.cl\/es\/wp-json\/wp\/v2\/comments?post=121"}],"version-history":[{"count":79,"href":"https:\/\/doctorguitarra.cl\/es\/wp-json\/wp\/v2\/pages\/121\/revisions"}],"predecessor-version":[{"id":1652,"href":"https:\/\/doctorguitarra.cl\/es\/wp-json\/wp\/v2\/pages\/121\/revisions\/1652"}],"wp:attachment":[{"href":"https:\/\/doctorguitarra.cl\/es\/wp-json\/wp\/v2\/media?parent=121"}],"curies":[{"name":"wp","href":"https:\/\/api.w.org\/{rel}","templated":true}]}}