{"id":160,"date":"2022-11-16T17:46:01","date_gmt":"2022-11-16T17:46:01","guid":{"rendered":"https:\/\/doctorguitarra.cl\/?page_id=160"},"modified":"2026-04-29T10:30:02","modified_gmt":"2026-04-29T10:30:02","slug":"nosotros","status":"publish","type":"page","link":"https:\/\/doctorguitarra.cl\/es\/nosotros\/","title":{"rendered":"Nosotros"},"content":{"rendered":"<div data-elementor-type=\"wp-page\" data-elementor-id=\"160\" class=\"elementor elementor-160\" data-elementor-post-type=\"page\">\n\t\t\t\t\t\t<section class=\"elementor-section elementor-top-section elementor-element elementor-element-51cc964d elementor-section-height-min-height elementor-section-items-stretch elementor-section-full_width elementor-section-height-default\" data-id=\"51cc964d\" data-element_type=\"section\" data-e-type=\"section\">\n\t\t\t\t\t\t<div class=\"elementor-container elementor-column-gap-default\">\n\t\t\t\t\t<div class=\"elementor-column elementor-col-50 elementor-top-column elementor-element elementor-element-3a085a9 elementor-invisible\" data-id=\"3a085a9\" data-element_type=\"column\" data-e-type=\"column\" data-settings=\"{&quot;background_background&quot;:&quot;classic&quot;,&quot;animation&quot;:&quot;fadeIn&quot;}\">\n\t\t\t<div class=\"elementor-widget-wrap elementor-element-populated\">\n\t\t\t\t\t<div class=\"elementor-background-overlay\"><\/div>\n\t\t\t\t\t\t<div class=\"elementor-element elementor-element-65607b5 elementor-widget elementor-widget-spacer\" data-id=\"65607b5\" data-element_type=\"widget\" data-e-type=\"widget\" data-widget_type=\"spacer.default\">\n\t\t\t\t<div class=\"elementor-widget-container\">\n\t\t\t\t\t\t\t<div class=\"elementor-spacer\">\n\t\t\t<div class=\"elementor-spacer-inner\"><\/div>\n\t\t<\/div>\n\t\t\t\t\t\t<\/div>\n\t\t\t\t<\/div>\n\t\t\t\t<div class=\"elementor-element elementor-element-36b8465 elementor-widget__width-initial elementor-invisible elementor-widget elementor-widget-heading\" data-id=\"36b8465\" data-element_type=\"widget\" data-e-type=\"widget\" data-settings=\"{&quot;_animation&quot;:&quot;fadeIn&quot;}\" data-widget_type=\"heading.default\">\n\t\t\t\t<div class=\"elementor-widget-container\">\n\t\t\t\t\t<h1 class=\"elementor-heading-title elementor-size-default\">Tu guitarra m\u00e1s c\u00f3moda que nunca.<\/h1>\t\t\t\t<\/div>\n\t\t\t\t<\/div>\n\t\t\t\t\t<\/div>\n\t\t<\/div>\n\t\t\t\t<div class=\"elementor-column elementor-col-50 elementor-top-column elementor-element elementor-element-214997b2\" data-id=\"214997b2\" data-element_type=\"column\" data-e-type=\"column\">\n\t\t\t<div class=\"elementor-widget-wrap elementor-element-populated\">\n\t\t\t\t\t\t<div class=\"elementor-element elementor-element-95d0767 elementor-widget elementor-widget-spacer\" data-id=\"95d0767\" data-element_type=\"widget\" data-e-type=\"widget\" data-widget_type=\"spacer.default\">\n\t\t\t\t<div class=\"elementor-widget-container\">\n\t\t\t\t\t\t\t<div class=\"elementor-spacer\">\n\t\t\t<div class=\"elementor-spacer-inner\"><\/div>\n\t\t<\/div>\n\t\t\t\t\t\t<\/div>\n\t\t\t\t<\/div>\n\t\t\t\t<div class=\"elementor-element elementor-element-392df08c elementor-invisible elementor-widget elementor-widget-heading\" data-id=\"392df08c\" data-element_type=\"widget\" data-e-type=\"widget\" data-settings=\"{&quot;_animation&quot;:&quot;fadeIn&quot;}\" data-widget_type=\"heading.default\">\n\t\t\t\t<div class=\"elementor-widget-container\">\n\t\t\t\t\t<h3 class=\"elementor-heading-title elementor-size-default\">\u00bfQui\u00e9nes Somos?<\/h3>\t\t\t\t<\/div>\n\t\t\t\t<\/div>\n\t\t\t\t<div class=\"elementor-element elementor-element-cd7be4 elementor-widget-divider--view-line elementor-invisible elementor-widget elementor-widget-divider\" data-id=\"cd7be4\" data-element_type=\"widget\" data-e-type=\"widget\" data-settings=\"{&quot;_animation&quot;:&quot;fadeIn&quot;}\" data-widget_type=\"divider.default\">\n\t\t\t\t<div class=\"elementor-widget-container\">\n\t\t\t\t\t\t\t<div class=\"elementor-divider\">\n\t\t\t<span class=\"elementor-divider-separator\">\n\t\t\t\t\t\t<\/span>\n\t\t<\/div>\n\t\t\t\t\t\t<\/div>\n\t\t\t\t<\/div>\n\t\t\t\t<div class=\"elementor-element elementor-element-d329f00 elementor-invisible elementor-widget elementor-widget-heading\" data-id=\"d329f00\" data-element_type=\"widget\" data-e-type=\"widget\" data-settings=\"{&quot;_animation&quot;:&quot;fadeIn&quot;,&quot;_animation_delay&quot;:200}\" data-widget_type=\"heading.default\">\n\t\t\t\t<div class=\"elementor-widget-container\">\n\t\t\t\t\t<h2 class=\"elementor-heading-title elementor-size-default\">Amamos la m\u00fasica como t\u00fa, y nos encanta tocar nuestro instrumento.<\/h2>\t\t\t\t<\/div>\n\t\t\t\t<\/div>\n\t\t\t\t<div class=\"elementor-element elementor-element-2c552cfb elementor-invisible elementor-widget elementor-widget-text-editor\" data-id=\"2c552cfb\" data-element_type=\"widget\" data-e-type=\"widget\" data-settings=\"{&quot;_animation&quot;:&quot;fadeIn&quot;,&quot;_animation_delay&quot;:300}\" data-widget_type=\"text-editor.default\">\n\t\t\t\t<div class=\"elementor-widget-container\">\n\t\t\t\t\t\t\t\t\t<p><span style=\"color: var( --e-global-color-text );\">Por eso, sabemos que para eso necesitas que tu guitarra y bajo <b>suenen lo mejor posible<\/b> para que puedas disfrutar de ellos al m\u00e1ximo, sea en vivo en la tarima de alg\u00fan festival, en una sesi\u00f3n de grabaci\u00f3n en estudio o simplemente en la comodidad de tu hogar junto a varios amigos.&nbsp;<\/span><\/p>\n<p><span style=\"color: var( --e-global-color-text );\">Nuestro servicio de calibraci\u00f3n de guitarra y calibraci\u00f3n de bajo hace que tu instrumento suene y se sienta en el mejor estado para que rinda mejor en una grabaci\u00f3n, en un show en vivo o en tus clases de m\u00fasica!<\/span><\/p>\n<p><span style=\"color: var( --e-global-color-text );\">Sabemos lo importante que es tu guitarra para ti, as\u00ed que tratamos tu<b> instrumento tal cual como si fuera nuestro.<\/b><\/span><\/p>\t\t\t\t\t\t\t\t<\/div>\n\t\t\t\t<\/div>\n\t\t\t\t<div class=\"elementor-element elementor-element-503dede4 elementor-widget-divider--view-line elementor-invisible elementor-widget elementor-widget-divider\" data-id=\"503dede4\" data-element_type=\"widget\" data-e-type=\"widget\" data-settings=\"{&quot;_animation&quot;:&quot;fadeIn&quot;,&quot;_animation_delay&quot;:300}\" data-widget_type=\"divider.default\">\n\t\t\t\t<div class=\"elementor-widget-container\">\n\t\t\t\t\t\t\t<div class=\"elementor-divider\">\n\t\t\t<span class=\"elementor-divider-separator\">\n\t\t\t\t\t\t<\/span>\n\t\t<\/div>\n\t\t\t\t\t\t<\/div>\n\t\t\t\t<\/div>\n\t\t\t\t<div class=\"elementor-element elementor-element-616c784d elementor-align-left elementor-mobile-align-center elementor-invisible elementor-widget elementor-widget-button\" data-id=\"616c784d\" data-element_type=\"widget\" data-e-type=\"widget\" data-settings=\"{&quot;_animation&quot;:&quot;fadeIn&quot;,&quot;_animation_delay&quot;:200}\" data-widget_type=\"button.default\">\n\t\t\t\t<div class=\"elementor-widget-container\">\n\t\t\t\t\t\t\t\t\t<div class=\"elementor-button-wrapper\">\n\t\t\t\t\t<a class=\"elementor-button elementor-button-link elementor-size-sm\" href=\"https:\/\/doctorguitarra.cl\/es\/\">\n\t\t\t\t\t\t<span class=\"elementor-button-content-wrapper\">\n\t\t\t\t\t\t<span class=\"elementor-button-icon\">\n\t\t\t\t<i aria-hidden=\"true\" class=\"fas fa-arrow-left\"><\/i>\t\t\t<\/span>\n\t\t\t\t\t\t\t\t\t<span class=\"elementor-button-text\">Volver<\/span>\n\t\t\t\t\t<\/span>\n\t\t\t\t\t<\/a>\n\t\t\t\t<\/div>\n\t\t\t\t\t\t\t\t<\/div>\n\t\t\t\t<\/div>\n\t\t\t\t<div class=\"elementor-element elementor-element-af234fb elementor-widget elementor-widget-spacer\" data-id=\"af234fb\" data-element_type=\"widget\" data-e-type=\"widget\" data-widget_type=\"spacer.default\">\n\t\t\t\t<div class=\"elementor-widget-container\">\n\t\t\t\t\t\t\t<div class=\"elementor-spacer\">\n\t\t\t<div class=\"elementor-spacer-inner\"><\/div>\n\t\t<\/div>\n\t\t\t\t\t\t<\/div>\n\t\t\t\t<\/div>\n\t\t\t\t\t<\/div>\n\t\t<\/div>\n\t\t\t\t\t<\/div>\n\t\t<\/section>\n\t\t\t\t<\/div>","protected":false},"excerpt":{"rendered":"<p>Tu guitarra m\u00e1s c\u00f3moda que nunca. \u00bfQui\u00e9nes Somos? Amamos la m\u00fasica como t\u00fa, y nos encanta tocar nuestro instrumento. Por eso, sabemos que para eso necesitas que tu guitarra y bajo suenen lo mejor posible para que puedas disfrutar de ellos al m\u00e1ximo, sea en vivo en la tarima de alg\u00fan festival, en una sesi\u00f3n [&hellip;]<\/p>\n","protected":false},"author":2,"featured_media":0,"parent":0,"menu_order":0,"comment_status":"closed","ping_status":"closed","template":"","meta":{"_joinchat":[],"footnotes":""},"class_list":["post-160","page","type-page","status-publish","hentry"],"yoast_head":"<!-- This site is optimized with the Yoast SEO plugin v27.5 - https:\/\/yoast.com\/product\/yoast-seo-wordpress\/ -->\n<title>Nosotros - Doctor Guitarra<\/title>\n<meta name=\"robots\" content=\"index, follow, max-snippet:-1, max-image-preview:large, max-video-preview:-1\" \/>\n<link rel=\"canonical\" href=\"https:\/\/doctorguitarra.cl\/es\/nosotros\/\" \/>\n<meta property=\"og:locale\" content=\"es_ES\" \/>\n<meta property=\"og:type\" content=\"article\" \/>\n<meta property=\"og:title\" content=\"Nosotros - Doctor Guitarra\" \/>\n<meta property=\"og:description\" content=\"Tu guitarra m\u00e1s c\u00f3moda que nunca. \u00bfQui\u00e9nes Somos? Amamos la m\u00fasica como t\u00fa, y nos encanta tocar nuestro instrumento. Por eso, sabemos que para eso necesitas que tu guitarra y bajo suenen lo mejor posible para que puedas disfrutar de ellos al m\u00e1ximo, sea en vivo en la tarima de alg\u00fan festival, en una sesi\u00f3n [&hellip;]\" \/>\n<meta property=\"og:url\" content=\"https:\/\/doctorguitarra.cl\/es\/nosotros\/\" \/>\n<meta property=\"og:site_name\" content=\"Doctor Guitarra\" \/>\n<meta property=\"article:modified_time\" content=\"2026-04-29T10:30:02+00:00\" \/>\n<meta name=\"twitter:card\" content=\"summary_large_image\" \/>\n<meta name=\"twitter:label1\" content=\"Tiempo estimado de lectura\" \/>\n\t<meta name=\"twitter:data1\" content=\"1 minuto\" \/>\n<script type=\"application\/ld+json\" class=\"yoast-schema-graph\">{\"@context\":\"https:\\\/\\\/schema.org\",\"@graph\":[{\"@type\":\"WebPage\",\"@id\":\"https:\\\/\\\/doctorguitarra.cl\\\/nosotros\\\/\",\"url\":\"https:\\\/\\\/doctorguitarra.cl\\\/nosotros\\\/\",\"name\":\"Nosotros - Doctor Guitarra\",\"isPartOf\":{\"@id\":\"https:\\\/\\\/doctorguitarra.cl\\\/#website\"},\"datePublished\":\"2022-11-16T17:46:01+00:00\",\"dateModified\":\"2026-04-29T10:30:02+00:00\",\"breadcrumb\":{\"@id\":\"https:\\\/\\\/doctorguitarra.cl\\\/nosotros\\\/#breadcrumb\"},\"inLanguage\":\"es\",\"potentialAction\":[{\"@type\":\"ReadAction\",\"target\":[\"https:\\\/\\\/doctorguitarra.cl\\\/nosotros\\\/\"]}]},{\"@type\":\"BreadcrumbList\",\"@id\":\"https:\\\/\\\/doctorguitarra.cl\\\/nosotros\\\/#breadcrumb\",\"itemListElement\":[{\"@type\":\"ListItem\",\"position\":1,\"name\":\"Home\",\"item\":\"https:\\\/\\\/doctorguitarra.cl\\\/\"},{\"@type\":\"ListItem\",\"position\":2,\"name\":\"Nosotros\"}]},{\"@type\":\"WebSite\",\"@id\":\"https:\\\/\\\/doctorguitarra.cl\\\/#website\",\"url\":\"https:\\\/\\\/doctorguitarra.cl\\\/\",\"name\":\"Doctor Guitarra\",\"description\":\"Calibraci\u00f3n de Guitarra y Bajo en Santiago\",\"publisher\":{\"@id\":\"https:\\\/\\\/doctorguitarra.cl\\\/#organization\"},\"potentialAction\":[{\"@type\":\"SearchAction\",\"target\":{\"@type\":\"EntryPoint\",\"urlTemplate\":\"https:\\\/\\\/doctorguitarra.cl\\\/?s={search_term_string}\"},\"query-input\":{\"@type\":\"PropertyValueSpecification\",\"valueRequired\":true,\"valueName\":\"search_term_string\"}}],\"inLanguage\":\"es\"},{\"@type\":\"Organization\",\"@id\":\"https:\\\/\\\/doctorguitarra.cl\\\/#organization\",\"name\":\"Doctor Guitarra\",\"url\":\"https:\\\/\\\/doctorguitarra.cl\\\/\",\"logo\":{\"@type\":\"ImageObject\",\"inLanguage\":\"es\",\"@id\":\"https:\\\/\\\/doctorguitarra.cl\\\/#\\\/schema\\\/logo\\\/image\\\/\",\"url\":\"https:\\\/\\\/doctorguitarra.cl\\\/wp-content\\\/uploads\\\/2022\\\/11\\\/DG-Logo-2026-Rectangular.png\",\"contentUrl\":\"https:\\\/\\\/doctorguitarra.cl\\\/wp-content\\\/uploads\\\/2022\\\/11\\\/DG-Logo-2026-Rectangular.png\",\"width\":750,\"height\":300,\"caption\":\"Doctor Guitarra\"},\"image\":{\"@id\":\"https:\\\/\\\/doctorguitarra.cl\\\/#\\\/schema\\\/logo\\\/image\\\/\"}}]}<\/script>\n<!-- \/ Yoast SEO plugin. -->","yoast_head_json":{"title":"Nosotros - Doctor Guitarra","robots":{"index":"index","follow":"follow","max-snippet":"max-snippet:-1","max-image-preview":"max-image-preview:large","max-video-preview":"max-video-preview:-1"},"canonical":"https:\/\/doctorguitarra.cl\/es\/nosotros\/","og_locale":"es_ES","og_type":"article","og_title":"Nosotros - Doctor Guitarra","og_description":"Tu guitarra m\u00e1s c\u00f3moda que nunca. \u00bfQui\u00e9nes Somos? Amamos la m\u00fasica como t\u00fa, y nos encanta tocar nuestro instrumento. Por eso, sabemos que para eso necesitas que tu guitarra y bajo suenen lo mejor posible para que puedas disfrutar de ellos al m\u00e1ximo, sea en vivo en la tarima de alg\u00fan festival, en una sesi\u00f3n [&hellip;]","og_url":"https:\/\/doctorguitarra.cl\/es\/nosotros\/","og_site_name":"Doctor Guitarra","article_modified_time":"2026-04-29T10:30:02+00:00","twitter_card":"summary_large_image","twitter_misc":{"Tiempo estimado de lectura":"1 minuto"},"schema":{"@context":"https:\/\/schema.org","@graph":[{"@type":"WebPage","@id":"https:\/\/doctorguitarra.cl\/nosotros\/","url":"https:\/\/doctorguitarra.cl\/nosotros\/","name":"Nosotros - Doctor Guitarra","isPartOf":{"@id":"https:\/\/doctorguitarra.cl\/#website"},"datePublished":"2022-11-16T17:46:01+00:00","dateModified":"2026-04-29T10:30:02+00:00","breadcrumb":{"@id":"https:\/\/doctorguitarra.cl\/nosotros\/#breadcrumb"},"inLanguage":"es","potentialAction":[{"@type":"ReadAction","target":["https:\/\/doctorguitarra.cl\/nosotros\/"]}]},{"@type":"BreadcrumbList","@id":"https:\/\/doctorguitarra.cl\/nosotros\/#breadcrumb","itemListElement":[{"@type":"ListItem","position":1,"name":"Home","item":"https:\/\/doctorguitarra.cl\/"},{"@type":"ListItem","position":2,"name":"Nosotros"}]},{"@type":"WebSite","@id":"https:\/\/doctorguitarra.cl\/#website","url":"https:\/\/doctorguitarra.cl\/","name":"Doctor Guitarra","description":"Calibraci\u00f3n de Guitarra y Bajo en Santiago","publisher":{"@id":"https:\/\/doctorguitarra.cl\/#organization"},"potentialAction":[{"@type":"SearchAction","target":{"@type":"EntryPoint","urlTemplate":"https:\/\/doctorguitarra.cl\/?s={search_term_string}"},"query-input":{"@type":"PropertyValueSpecification","valueRequired":true,"valueName":"search_term_string"}}],"inLanguage":"es"},{"@type":"Organization","@id":"https:\/\/doctorguitarra.cl\/#organization","name":"Doctor Guitarra","url":"https:\/\/doctorguitarra.cl\/","logo":{"@type":"ImageObject","inLanguage":"es","@id":"https:\/\/doctorguitarra.cl\/#\/schema\/logo\/image\/","url":"https:\/\/doctorguitarra.cl\/wp-content\/uploads\/2022\/11\/DG-Logo-2026-Rectangular.png","contentUrl":"https:\/\/doctorguitarra.cl\/wp-content\/uploads\/2022\/11\/DG-Logo-2026-Rectangular.png","width":750,"height":300,"caption":"Doctor Guitarra"},"image":{"@id":"https:\/\/doctorguitarra.cl\/#\/schema\/logo\/image\/"}}]}},"_links":{"self":[{"href":"https:\/\/doctorguitarra.cl\/es\/wp-json\/wp\/v2\/pages\/160","targetHints":{"allow":["GET"]}}],"collection":[{"href":"https:\/\/doctorguitarra.cl\/es\/wp-json\/wp\/v2\/pages"}],"about":[{"href":"https:\/\/doctorguitarra.cl\/es\/wp-json\/wp\/v2\/types\/page"}],"author":[{"embeddable":true,"href":"https:\/\/doctorguitarra.cl\/es\/wp-json\/wp\/v2\/users\/2"}],"replies":[{"embeddable":true,"href":"https:\/\/doctorguitarra.cl\/es\/wp-json\/wp\/v2\/comments?post=160"}],"version-history":[{"count":109,"href":"https:\/\/doctorguitarra.cl\/es\/wp-json\/wp\/v2\/pages\/160\/revisions"}],"predecessor-version":[{"id":2147,"href":"https:\/\/doctorguitarra.cl\/es\/wp-json\/wp\/v2\/pages\/160\/revisions\/2147"}],"wp:attachment":[{"href":"https:\/\/doctorguitarra.cl\/es\/wp-json\/wp\/v2\/media?parent=160"}],"curies":[{"name":"wp","href":"https:\/\/api.w.org\/{rel}","templated":true}]}}