{"id":1873,"date":"2026-02-02T11:43:40","date_gmt":"2026-02-02T11:43:40","guid":{"rendered":"https:\/\/doctorguitarra.cl\/?post_type=product&#038;p=1873"},"modified":"2026-04-21T11:05:16","modified_gmt":"2026-04-21T11:05:16","slug":"guitarra-electrica-tipo-telecaster-oscar-schmidt","status":"publish","type":"product","link":"https:\/\/doctorguitarra.cl\/es\/product\/guitarra-electrica-tipo-telecaster-oscar-schmidt\/","title":{"rendered":"Guitarra El\u00e9ctrica Tipo Telecaster Oscar Schmidt"},"content":{"rendered":"<p>La guitarra OS-LT Oscar Schmidt by Washburn es un instrumento con la forma, sonido y &#8220;feel&#8221; de una de las guitarras m\u00e1s ic\u00f3nicas de la historia de la m\u00fasica, la <strong>Telecaster<\/strong>. Su dise\u00f1o simple pero efectivo y su sonido revolucionario abrieron camino y marcaron tendencias en la fabricaci\u00f3n de guitarras el\u00e9ctricas y en el sonido de la m\u00fasica popular en las \u00faltimas d\u00e9cadas. El sonido de esta guitarra es muy vers\u00e1til, permitiendo tocar g\u00e9neros musicales como blues, jazz y pop, tambi\u00e9n alcanzando sonidos de distorsi\u00f3n de alta ganancia como hard rock y metal.<\/p>\n<p>&nbsp;<\/p>\n<p>&nbsp;<\/p>\n<p><iframe title=\"Demo de Guitarra Oscar Schmidt OS-LT WASHBURN Blanca - Total Music\" width=\"800\" height=\"450\" src=\"https:\/\/www.youtube.com\/embed\/Y6ItEXsop4s?feature=oembed\" frameborder=\"0\" allow=\"accelerometer; autoplay; clipboard-write; encrypted-media; gyroscope; picture-in-picture; web-share\" referrerpolicy=\"strict-origin-when-cross-origin\" allowfullscreen><\/iframe><\/p>\n<p>&nbsp;<\/p>\n<p>&nbsp;<\/p>\n<p>Este modelo de guitarra es conocido en todo el mundo por ser el favorito de varios de los m\u00e1s grandes nombres de la industria musical como <strong>Bob Dylan, Keith Richards de The Rolling Stones, Kirk Hammett de Metallica, Jonny Buckland de Coldplay, Andy Summers de The Police, Johnny Greenwood de Radiohead, y muchos otros<\/strong>. Una guitarra perfecta para comenzar en la m\u00fasica, y mantenerse en ella. Guitarristas intermedios y avanzados encontrar\u00e1n tambi\u00e9n un instrumento que les puede durar toda la vida, gracias a su robusta construcci\u00f3n, excelente sonido y por supuesto, su elegancia visual.<\/p>\n<p>&nbsp;<\/p>\n<p>&nbsp;<\/p>\n<p><strong>Entre sus caracter\u00edsticas:<\/strong><\/p>\n<ul>\n<li>Controles de volumen y tono C\u00e1psulas single coil de brazo y puente<\/li>\n<li>Selector de c\u00e1psulas de 3 posiciones<\/li>\n<li>Hardware de chrome (plateado)<\/li>\n<li>M\u00e1stil de maple<\/li>\n<li>Afinadores de acero mantienen la afinaci\u00f3n de tu guitarra<\/li>\n<li>String thru body, cuerdas pasan a trav\u00e9s del cuerpo de la guitarra<\/li>\n<li>Carros individuales por cuerda para ajuste de entonaci\u00f3n\/octavaci\u00f3n<\/li>\n<\/ul>\n<p>&nbsp;<\/p>\n<p>&nbsp;<\/p>\n<p>La guitarra OS-LT Oscar Schmidt es un instrumento que te servir\u00e1 en ensayos con tu banda, en tarima para tu siguiente tocata en vivo, en estudio al grabar tu mejor disco o simplemente practicando en la comodidad de tu casa. Oscar Schmidt es una divisi\u00f3n de la reconocida marca de instrumentos Washburn dedicada a dise\u00f1ar y construir guitarras y bajos de la mejor calidad al precio m\u00e1s accesible tanto para personas que quieran iniciarse en estos instrumentos, como para m\u00fasicos con m\u00e1s experiencia y trayectoria. Las guitarras y bajos Oscar Schmidt mantienen un est\u00e1ndar de dise\u00f1o visual, calidad de construcci\u00f3n, buen tacto en las manos del m\u00fasico, y por supuesto, un incre\u00edble sonido.<\/p>","protected":false},"excerpt":{"rendered":"<div class=\"flex flex-col text-sm pb-25\">\n<article class=\"text-token-text-primary w-full focus:outline-none [--shadow-height:45px] has-data-writing-block:pointer-events-none has-data-writing-block:-mt-(--shadow-height) has-data-writing-block:pt-(--shadow-height) [&amp;:has([data-writing-block])&gt;*]:pointer-events-auto scroll-mt-[calc(var(--header-height)+min(200px,max(70px,20svh)))]\" dir=\"auto\" tabindex=\"-1\" data-turn-id=\"request-WEB:4e07b778-9a3f-4c52-bc58-12bb5df2b1b7-62\" data-testid=\"conversation-turn-12\" data-scroll-anchor=\"true\" data-turn=\"assistant\">\n<div class=\"text-base my-auto mx-auto pb-10 [--thread-content-margin:--spacing(4)] @w-sm\/main:[--thread-content-margin:--spacing(6)] @w-lg\/main:[--thread-content-margin:--spacing(16)] px-(--thread-content-margin)\">\n<div class=\"[--thread-content-max-width:40rem] @w-lg\/main:[--thread-content-max-width:48rem] mx-auto max-w-(--thread-content-max-width) flex-1 group\/turn-messages focus-visible:outline-hidden relative flex w-full min-w-0 flex-col agent-turn\" tabindex=\"-1\">\n<div class=\"flex max-w-full flex-col grow\">\n<div class=\"min-h-8 text-message relative flex w-full flex-col items-end gap-2 text-start break-words whitespace-normal [.text-message+&amp;]:mt-1\" dir=\"auto\" data-message-author-role=\"assistant\" data-message-id=\"16019310-ef8d-47bf-9a0e-dd4f70ac6354\" data-message-model-slug=\"gpt-5-2\">\n<div class=\"flex w-full flex-col gap-1 empty:hidden first:pt-[1px]\">\n<div class=\"markdown prose dark:prose-invert w-full wrap-break-word light markdown-new-styling\">\n<div class=\"flex flex-col text-sm pb-25\">\n<article class=\"text-token-text-primary w-full focus:outline-none [--shadow-height:45px] has-data-writing-block:pointer-events-none has-data-writing-block:-mt-(--shadow-height) has-data-writing-block:pt-(--shadow-height) [&amp;:has([data-writing-block])&gt;*]:pointer-events-auto scroll-mt-[calc(var(--header-height)+min(200px,max(70px,20svh)))]\" dir=\"auto\" tabindex=\"-1\" data-turn-id=\"request-WEB:4e07b778-9a3f-4c52-bc58-12bb5df2b1b7-63\" data-testid=\"conversation-turn-14\" data-scroll-anchor=\"true\" data-turn=\"assistant\">\n<div class=\"text-base my-auto mx-auto pb-10 [--thread-content-margin:--spacing(4)] @w-sm\/main:[--thread-content-margin:--spacing(6)] @w-lg\/main:[--thread-content-margin:--spacing(16)] px-(--thread-content-margin)\">\n<div class=\"[--thread-content-max-width:40rem] @w-lg\/main:[--thread-content-max-width:48rem] mx-auto max-w-(--thread-content-max-width) flex-1 group\/turn-messages focus-visible:outline-hidden relative flex w-full min-w-0 flex-col agent-turn\" tabindex=\"-1\">\n<div class=\"flex max-w-full flex-col grow\">\n<div class=\"min-h-8 text-message relative flex w-full flex-col items-end gap-2 text-start break-words whitespace-normal [.text-message+&amp;]:mt-1\" dir=\"auto\" data-message-author-role=\"assistant\" data-message-id=\"c826baa8-cb26-4909-81a8-35e98db4c07d\" data-message-model-slug=\"gpt-5-2\">\n<div class=\"flex w-full flex-col gap-1 empty:hidden first:pt-[1px]\">\n<div class=\"markdown prose dark:prose-invert w-full wrap-break-word light markdown-new-styling\">\n<p data-start=\"0\" data-end=\"419\" data-is-last-node=\"\" data-is-only-node=\"\">La <strong data-start=\"3\" data-end=\"38\">Oscar Schmidt OS-LT by Washburn<\/strong> es una guitarra el\u00e9ctrica estilo Telecaster con sonido vers\u00e1til y gran comodidad de ejecuci\u00f3n. Sus c\u00e1psulas single coil entregan desde limpios brillantes para blues y pop hasta tonos con m\u00e1s car\u00e1cter para rock, mientras su m\u00e1stil de maple y sistema string-thru body aseguran buena afinaci\u00f3n y respuesta. Un instrumento confiable y accesible para estudiar, ensayar o tocar en vivo.<\/p>\n<\/div>\n<\/div>\n<\/div>\n<\/div>\n<div class=\"z-0 flex min-h-[46px] justify-start\"><\/div>\n<div class=\"mt-3 w-full empty:hidden\">\n<div class=\"text-center\"><\/div>\n<\/div>\n<\/div>\n<\/div>\n<\/article>\n<\/div>\n<div class=\"pointer-events-none h-px w-px absolute bottom-0\" aria-hidden=\"true\" data-edge=\"true\"><\/div>\n<\/div>\n<\/div>\n<\/div>\n<\/div>\n<div class=\"z-0 flex min-h-[46px] justify-start\"><\/div>\n<div class=\"mt-3 w-full empty:hidden\">\n<div class=\"text-center\"><\/div>\n<\/div>\n<\/div>\n<\/div>\n<\/article>\n<\/div>\n<div class=\"pointer-events-none h-px w-px absolute bottom-0\" aria-hidden=\"true\" data-edge=\"true\"><\/div>\n","protected":false},"featured_media":1874,"comment_status":"open","ping_status":"closed","template":"","meta":{"_joinchat":[]},"product_brand":[],"product_cat":[44,43],"product_tag":[],"class_list":{"0":"post-1873","1":"product","2":"type-product","3":"status-publish","4":"has-post-thumbnail","6":"product_cat-guitarras-electricas","7":"product_cat-insturmentos","9":"first","10":"outofstock","11":"sale","12":"shipping-taxable","13":"purchasable","14":"product-type-simple"},"yoast_head":"<!-- This site is optimized with the Yoast SEO plugin v27.5 - https:\/\/yoast.com\/product\/yoast-seo-wordpress\/ -->\n<title>Guitarra El\u00e9ctrica Tipo Telecaster Oscar Schmidt - Doctor Guitarra<\/title>\n<meta name=\"robots\" content=\"index, follow, max-snippet:-1, max-image-preview:large, max-video-preview:-1\" \/>\n<link rel=\"canonical\" href=\"https:\/\/doctorguitarra.cl\/es\/product\/guitarra-electrica-tipo-telecaster-oscar-schmidt\/\" \/>\n<meta property=\"og:locale\" content=\"es_ES\" \/>\n<meta property=\"og:type\" content=\"article\" \/>\n<meta property=\"og:title\" content=\"Guitarra El\u00e9ctrica Tipo Telecaster Oscar Schmidt - Doctor Guitarra\" \/>\n<meta property=\"og:description\" content=\"La Oscar Schmidt OS-LT by Washburn es una guitarra el\u00e9ctrica estilo Telecaster con sonido vers\u00e1til y gran comodidad de ejecuci\u00f3n. Sus c\u00e1psulas single coil entregan desde limpios brillantes para blues y pop hasta tonos con m\u00e1s car\u00e1cter para rock, mientras su m\u00e1stil de maple y sistema string-thru body aseguran buena afinaci\u00f3n y respuesta. Un instrumento confiable y accesible para estudiar, ensayar o tocar en vivo.\" \/>\n<meta property=\"og:url\" content=\"https:\/\/doctorguitarra.cl\/es\/product\/guitarra-electrica-tipo-telecaster-oscar-schmidt\/\" \/>\n<meta property=\"og:site_name\" content=\"Doctor Guitarra\" \/>\n<meta property=\"article:modified_time\" content=\"2026-04-21T11:05:16+00:00\" \/>\n<meta property=\"og:image\" content=\"https:\/\/doctorguitarra.cl\/wp-content\/uploads\/2026\/02\/guitarra-electrica-washburno-oscar-schmidt-telecaster-os-lt-blanca-total-music-foto-main.jpg\" \/>\n\t<meta property=\"og:image:width\" content=\"1200\" \/>\n\t<meta property=\"og:image:height\" content=\"1200\" \/>\n\t<meta property=\"og:image:type\" content=\"image\/jpeg\" \/>\n<meta name=\"twitter:card\" content=\"summary_large_image\" \/>\n<meta name=\"twitter:label1\" content=\"Tiempo estimado de lectura\" \/>\n\t<meta name=\"twitter:data1\" content=\"2 minutos\" \/>\n<script type=\"application\/ld+json\" class=\"yoast-schema-graph\">{\"@context\":\"https:\\\/\\\/schema.org\",\"@graph\":[{\"@type\":\"WebPage\",\"@id\":\"https:\\\/\\\/doctorguitarra.cl\\\/product\\\/guitarra-electrica-tipo-telecaster-oscar-schmidt\\\/\",\"url\":\"https:\\\/\\\/doctorguitarra.cl\\\/product\\\/guitarra-electrica-tipo-telecaster-oscar-schmidt\\\/\",\"name\":\"Guitarra El\u00e9ctrica Tipo Telecaster Oscar Schmidt - Doctor Guitarra\",\"isPartOf\":{\"@id\":\"https:\\\/\\\/doctorguitarra.cl\\\/#website\"},\"primaryImageOfPage\":{\"@id\":\"https:\\\/\\\/doctorguitarra.cl\\\/product\\\/guitarra-electrica-tipo-telecaster-oscar-schmidt\\\/#primaryimage\"},\"image\":{\"@id\":\"https:\\\/\\\/doctorguitarra.cl\\\/product\\\/guitarra-electrica-tipo-telecaster-oscar-schmidt\\\/#primaryimage\"},\"thumbnailUrl\":\"https:\\\/\\\/doctorguitarra.cl\\\/wp-content\\\/uploads\\\/2026\\\/02\\\/guitarra-electrica-washburno-oscar-schmidt-telecaster-os-lt-blanca-total-music-foto-main.jpg\",\"datePublished\":\"2026-02-02T11:43:40+00:00\",\"dateModified\":\"2026-04-21T11:05:16+00:00\",\"breadcrumb\":{\"@id\":\"https:\\\/\\\/doctorguitarra.cl\\\/product\\\/guitarra-electrica-tipo-telecaster-oscar-schmidt\\\/#breadcrumb\"},\"inLanguage\":\"es\",\"potentialAction\":[{\"@type\":\"ReadAction\",\"target\":[\"https:\\\/\\\/doctorguitarra.cl\\\/product\\\/guitarra-electrica-tipo-telecaster-oscar-schmidt\\\/\"]}]},{\"@type\":\"ImageObject\",\"inLanguage\":\"es\",\"@id\":\"https:\\\/\\\/doctorguitarra.cl\\\/product\\\/guitarra-electrica-tipo-telecaster-oscar-schmidt\\\/#primaryimage\",\"url\":\"https:\\\/\\\/doctorguitarra.cl\\\/wp-content\\\/uploads\\\/2026\\\/02\\\/guitarra-electrica-washburno-oscar-schmidt-telecaster-os-lt-blanca-total-music-foto-main.jpg\",\"contentUrl\":\"https:\\\/\\\/doctorguitarra.cl\\\/wp-content\\\/uploads\\\/2026\\\/02\\\/guitarra-electrica-washburno-oscar-schmidt-telecaster-os-lt-blanca-total-music-foto-main.jpg\",\"width\":1200,\"height\":1200},{\"@type\":\"BreadcrumbList\",\"@id\":\"https:\\\/\\\/doctorguitarra.cl\\\/product\\\/guitarra-electrica-tipo-telecaster-oscar-schmidt\\\/#breadcrumb\",\"itemListElement\":[{\"@type\":\"ListItem\",\"position\":1,\"name\":\"Home\",\"item\":\"https:\\\/\\\/doctorguitarra.cl\\\/\"},{\"@type\":\"ListItem\",\"position\":2,\"name\":\"Shop\",\"item\":\"https:\\\/\\\/doctorguitarra.cl\\\/shop\\\/\"},{\"@type\":\"ListItem\",\"position\":3,\"name\":\"Guitarra El\u00e9ctrica Tipo Telecaster Oscar Schmidt\"}]},{\"@type\":\"WebSite\",\"@id\":\"https:\\\/\\\/doctorguitarra.cl\\\/#website\",\"url\":\"https:\\\/\\\/doctorguitarra.cl\\\/\",\"name\":\"Doctor Guitarra\",\"description\":\"Calibraci\u00f3n de Guitarra y Bajo en Santiago\",\"publisher\":{\"@id\":\"https:\\\/\\\/doctorguitarra.cl\\\/#organization\"},\"potentialAction\":[{\"@type\":\"SearchAction\",\"target\":{\"@type\":\"EntryPoint\",\"urlTemplate\":\"https:\\\/\\\/doctorguitarra.cl\\\/?s={search_term_string}\"},\"query-input\":{\"@type\":\"PropertyValueSpecification\",\"valueRequired\":true,\"valueName\":\"search_term_string\"}}],\"inLanguage\":\"es\"},{\"@type\":\"Organization\",\"@id\":\"https:\\\/\\\/doctorguitarra.cl\\\/#organization\",\"name\":\"Doctor Guitarra\",\"url\":\"https:\\\/\\\/doctorguitarra.cl\\\/\",\"logo\":{\"@type\":\"ImageObject\",\"inLanguage\":\"es\",\"@id\":\"https:\\\/\\\/doctorguitarra.cl\\\/#\\\/schema\\\/logo\\\/image\\\/\",\"url\":\"https:\\\/\\\/doctorguitarra.cl\\\/wp-content\\\/uploads\\\/2022\\\/11\\\/DG-Logo-2026-Rectangular.png\",\"contentUrl\":\"https:\\\/\\\/doctorguitarra.cl\\\/wp-content\\\/uploads\\\/2022\\\/11\\\/DG-Logo-2026-Rectangular.png\",\"width\":750,\"height\":300,\"caption\":\"Doctor Guitarra\"},\"image\":{\"@id\":\"https:\\\/\\\/doctorguitarra.cl\\\/#\\\/schema\\\/logo\\\/image\\\/\"}}]}<\/script>\n<!-- \/ Yoast SEO plugin. -->","yoast_head_json":{"title":"Guitarra El\u00e9ctrica Tipo Telecaster Oscar Schmidt - Doctor Guitarra","robots":{"index":"index","follow":"follow","max-snippet":"max-snippet:-1","max-image-preview":"max-image-preview:large","max-video-preview":"max-video-preview:-1"},"canonical":"https:\/\/doctorguitarra.cl\/es\/product\/guitarra-electrica-tipo-telecaster-oscar-schmidt\/","og_locale":"es_ES","og_type":"article","og_title":"Guitarra El\u00e9ctrica Tipo Telecaster Oscar Schmidt - Doctor Guitarra","og_description":"La Oscar Schmidt OS-LT by Washburn es una guitarra el\u00e9ctrica estilo Telecaster con sonido vers\u00e1til y gran comodidad de ejecuci\u00f3n. Sus c\u00e1psulas single coil entregan desde limpios brillantes para blues y pop hasta tonos con m\u00e1s car\u00e1cter para rock, mientras su m\u00e1stil de maple y sistema string-thru body aseguran buena afinaci\u00f3n y respuesta. Un instrumento confiable y accesible para estudiar, ensayar o tocar en vivo.","og_url":"https:\/\/doctorguitarra.cl\/es\/product\/guitarra-electrica-tipo-telecaster-oscar-schmidt\/","og_site_name":"Doctor Guitarra","article_modified_time":"2026-04-21T11:05:16+00:00","og_image":[{"width":1200,"height":1200,"url":"https:\/\/doctorguitarra.cl\/wp-content\/uploads\/2026\/02\/guitarra-electrica-washburno-oscar-schmidt-telecaster-os-lt-blanca-total-music-foto-main.jpg","type":"image\/jpeg"}],"twitter_card":"summary_large_image","twitter_misc":{"Tiempo estimado de lectura":"2 minutos"},"schema":{"@context":"https:\/\/schema.org","@graph":[{"@type":"WebPage","@id":"https:\/\/doctorguitarra.cl\/product\/guitarra-electrica-tipo-telecaster-oscar-schmidt\/","url":"https:\/\/doctorguitarra.cl\/product\/guitarra-electrica-tipo-telecaster-oscar-schmidt\/","name":"Guitarra El\u00e9ctrica Tipo Telecaster Oscar Schmidt - Doctor Guitarra","isPartOf":{"@id":"https:\/\/doctorguitarra.cl\/#website"},"primaryImageOfPage":{"@id":"https:\/\/doctorguitarra.cl\/product\/guitarra-electrica-tipo-telecaster-oscar-schmidt\/#primaryimage"},"image":{"@id":"https:\/\/doctorguitarra.cl\/product\/guitarra-electrica-tipo-telecaster-oscar-schmidt\/#primaryimage"},"thumbnailUrl":"https:\/\/doctorguitarra.cl\/wp-content\/uploads\/2026\/02\/guitarra-electrica-washburno-oscar-schmidt-telecaster-os-lt-blanca-total-music-foto-main.jpg","datePublished":"2026-02-02T11:43:40+00:00","dateModified":"2026-04-21T11:05:16+00:00","breadcrumb":{"@id":"https:\/\/doctorguitarra.cl\/product\/guitarra-electrica-tipo-telecaster-oscar-schmidt\/#breadcrumb"},"inLanguage":"es","potentialAction":[{"@type":"ReadAction","target":["https:\/\/doctorguitarra.cl\/product\/guitarra-electrica-tipo-telecaster-oscar-schmidt\/"]}]},{"@type":"ImageObject","inLanguage":"es","@id":"https:\/\/doctorguitarra.cl\/product\/guitarra-electrica-tipo-telecaster-oscar-schmidt\/#primaryimage","url":"https:\/\/doctorguitarra.cl\/wp-content\/uploads\/2026\/02\/guitarra-electrica-washburno-oscar-schmidt-telecaster-os-lt-blanca-total-music-foto-main.jpg","contentUrl":"https:\/\/doctorguitarra.cl\/wp-content\/uploads\/2026\/02\/guitarra-electrica-washburno-oscar-schmidt-telecaster-os-lt-blanca-total-music-foto-main.jpg","width":1200,"height":1200},{"@type":"BreadcrumbList","@id":"https:\/\/doctorguitarra.cl\/product\/guitarra-electrica-tipo-telecaster-oscar-schmidt\/#breadcrumb","itemListElement":[{"@type":"ListItem","position":1,"name":"Home","item":"https:\/\/doctorguitarra.cl\/"},{"@type":"ListItem","position":2,"name":"Shop","item":"https:\/\/doctorguitarra.cl\/shop\/"},{"@type":"ListItem","position":3,"name":"Guitarra El\u00e9ctrica Tipo Telecaster Oscar Schmidt"}]},{"@type":"WebSite","@id":"https:\/\/doctorguitarra.cl\/#website","url":"https:\/\/doctorguitarra.cl\/","name":"Doctor Guitarra","description":"Calibraci\u00f3n de Guitarra y Bajo en Santiago","publisher":{"@id":"https:\/\/doctorguitarra.cl\/#organization"},"potentialAction":[{"@type":"SearchAction","target":{"@type":"EntryPoint","urlTemplate":"https:\/\/doctorguitarra.cl\/?s={search_term_string}"},"query-input":{"@type":"PropertyValueSpecification","valueRequired":true,"valueName":"search_term_string"}}],"inLanguage":"es"},{"@type":"Organization","@id":"https:\/\/doctorguitarra.cl\/#organization","name":"Doctor Guitarra","url":"https:\/\/doctorguitarra.cl\/","logo":{"@type":"ImageObject","inLanguage":"es","@id":"https:\/\/doctorguitarra.cl\/#\/schema\/logo\/image\/","url":"https:\/\/doctorguitarra.cl\/wp-content\/uploads\/2022\/11\/DG-Logo-2026-Rectangular.png","contentUrl":"https:\/\/doctorguitarra.cl\/wp-content\/uploads\/2022\/11\/DG-Logo-2026-Rectangular.png","width":750,"height":300,"caption":"Doctor Guitarra"},"image":{"@id":"https:\/\/doctorguitarra.cl\/#\/schema\/logo\/image\/"}}]}},"_links":{"self":[{"href":"https:\/\/doctorguitarra.cl\/es\/wp-json\/wp\/v2\/product\/1873","targetHints":{"allow":["GET"]}}],"collection":[{"href":"https:\/\/doctorguitarra.cl\/es\/wp-json\/wp\/v2\/product"}],"about":[{"href":"https:\/\/doctorguitarra.cl\/es\/wp-json\/wp\/v2\/types\/product"}],"replies":[{"embeddable":true,"href":"https:\/\/doctorguitarra.cl\/es\/wp-json\/wp\/v2\/comments?post=1873"}],"wp:featuredmedia":[{"embeddable":true,"href":"https:\/\/doctorguitarra.cl\/es\/wp-json\/wp\/v2\/media\/1874"}],"wp:attachment":[{"href":"https:\/\/doctorguitarra.cl\/es\/wp-json\/wp\/v2\/media?parent=1873"}],"wp:term":[{"taxonomy":"product_brand","embeddable":true,"href":"https:\/\/doctorguitarra.cl\/es\/wp-json\/wp\/v2\/product_brand?post=1873"},{"taxonomy":"product_cat","embeddable":true,"href":"https:\/\/doctorguitarra.cl\/es\/wp-json\/wp\/v2\/product_cat?post=1873"},{"taxonomy":"product_tag","embeddable":true,"href":"https:\/\/doctorguitarra.cl\/es\/wp-json\/wp\/v2\/product_tag?post=1873"}],"curies":[{"name":"wp","href":"https:\/\/api.w.org\/{rel}","templated":true}]}}